{"id":11,"date":"2018-06-04T22:54:54","date_gmt":"2018-06-04T21:54:54","guid":{"rendered":"https:\/\/www.nadinemartin.de\/?page_id=11"},"modified":"2025-10-02T10:03:14","modified_gmt":"2025-10-02T09:03:14","slug":"impressum","status":"publish","type":"page","link":"https:\/\/www.nadinemartin.de\/index.php\/impressum\/","title":{"rendered":"Impressum"},"content":{"rendered":"<h2>Ansprechpartner \/ Verantwortlicher im Sinne der DSGVO<\/h2>\n<p><strong>Rechtsanw\u00e4ltin Nadine Martin<\/strong><br \/>\nMarienstra\u00dfe 28<br \/>\n66287 Quierschied<br \/>\nTelefon: 06897 \/ 79 66 219<br \/>\nTelefax: 06897 \/ 79 66 220<br \/>\nE-Mail: &#x6b;&#x6f;&#110;t&#x61;&#x6b;&#116;&#64;n&#x61;&#x64;&#105;&#110;e&#x6d;&#x61;&#114;ti&#x6e;&#x2e;&#100;e<\/p>\n<h2>Berufsbezeichnung<\/h2>\n<p>Rechtsanwalt &#8211; verliehen in der Bundesrepublik Deutschland<\/p>\n<h2>Zust\u00e4ndige Rechtsanwaltskammer<\/h2>\n<p>Rechtsanwaltskammer des Saarlandes<br \/>\nAm Schlo\u00dfberg 5<br \/>\n66119 Saarbr\u00fccken<br \/>\nTelefon: +49 681 58 82 8-0<br \/>\nE-Mail: &#122;&#x65;&#110;&#x74;&#114;&#x61;&#108;&#x65;&#64;&#x72;&#97;&#x6b;&#45;&#x73;&#97;&#x61;&#114;&#x2e;&#100;&#x65;<\/p>\n<h2>Umsatzsteuer-Identifikationsnummer<\/h2>\n<p>National: 030 \/ 247 \/ 16413<\/p>\n<h2>Informationspflicht gem\u00e4\u00df \u00a7 5 DDG<\/h2>\n<h3>Die T\u00e4tigkeit von Anw\u00e4lten unterliegt den folgenden berufsrechtlichen Regelungen:<\/h3>\n<p>Bundesrechtsanwaltsordnung (BRAO)<br \/>\nBerufsordnung f\u00fcr Rechtsanw\u00e4lte (BORA)<br \/>\nFachanwaltsordnung (FAO)<br \/>\nRechtsanwaltsverg\u00fctungsgesetz(RVG)<br \/>\nBerufsregeln der Rechtsanw\u00e4lte in der Europ\u00e4ischen Gemeinschaft (CCBE)<br \/>\nGesetz \u00fcber die T\u00e4tigkeit europ\u00e4ischer Rechtsanw\u00e4lte in Deutschland (EuRAG)<\/p>\n<p>Den Text dieser Vorschriften finden Sie auf der Homepage der Bundesrechtsanwaltskammer (BRAK): www.brak.de<\/p>\n<h2>Berufshaftpflichtversicherung<\/h2>\n<p>Die nachfolgenden Informationen werden aufgrund der Verordnung \u00fcber Informationspflichten f\u00fcr Dienstleistungserbringer vom 12. M\u00e4rz 2010 zur Verf\u00fcgung gestellt, die in Umsetzung der Richtlinie 2006\/123\/EG \u00fcber Dienstleistungen im Binnenmarkt ergangen ist.<\/p>\n<p>Rechtsanw\u00e4ltin Nadine Martin unterh\u00e4lt eine Berufshaftpflichtversicherung bei der ERGO Versicherung AG, ehemals Victoria Versicherung, Am Victoria-Turm 2, 68163 Mannheim. Der r\u00e4umliche Geltungsbereich der Versicherung ist Deutschland.<\/p>\n<h2>Haftungshinweis \/ Haftungsausschluss<\/h2>\n<p>Trotz sorgf\u00e4ltiger inhaltlicher Kontrolle \u00fcbernehmen wir keine Haftung f\u00fcr die Inhalte externer Links. F\u00fcr illegale, fehlerhafte oder unvollst\u00e4ndige Inhalte sowie f\u00fcr Sch\u00e4den, die durch die Nutzung oder Nichtnutzung der Informationen entstehen, haftet allein der Anbieter der Web-Site, auf die verwiesen wurde.<\/p>\n<p>Alle in unseren Internetseiten enthaltenen Angaben und Informationen wurden von Rechtsanw\u00e4ltin Nadine Martin oder Dritten sorgf\u00e4ltig recherchiert und gepr\u00fcft. Diese Informationen sind ein Service von Rechtsanw\u00e4ltin Nadine Martin und ersetzen eine pers\u00f6nliche Beratung nicht.<\/p>\n","protected":false},"excerpt":{"rendered":"<p>Ansprechpartner \/ Verantwortlicher im Sinne der DSGVO Rechtsanw\u00e4ltin Nadine Martin Marienstra\u00dfe 28 66287 Quierschied Telefon: 06897 \/ 79 66 219 Telefax: 06897 \/ 79 66 220 E-Mail: &#x6b;&#111;&#110;t&#x61;&#x6b;&#116;&#64;&#x6e;&#x61;&#100;in&#x65;&#109;&#97;r&#x74;&#x69;&#110;&#46;&#x64;&#x65; Berufsbezeichnung Rechtsanwalt &#8211; verliehen in der Bundesrepublik Deutschland Zust\u00e4ndige Rechtsanwaltskammer Rechtsanwaltskammer des Saarlandes Am Schlo\u00dfberg 5 66119 Saarbr\u00fccken Telefon: +49 681 58 82 8-0 E-Mail: z&#101;&#110;&#116;&#x72;&#x61;&#x6c;e&#64;&#114;&#97;&#x6b;&#x2d;&#x73;&#x61;ar&#46;&#100;&#x65; Umsatzsteuer-Identifikationsnummer [&hellip;]<\/p>\n","protected":false},"author":1,"featured_media":0,"parent":0,"menu_order":0,"comment_status":"closed","ping_status":"closed","template":"","meta":{"footnotes":""},"class_list":["post-11","page","type-page","status-publish","hentry"],"yoast_head":"<!-- This site is optimized with the Yoast SEO plugin v24.3 - https:\/\/yoast.com\/wordpress\/plugins\/seo\/ -->\n<title>Impressum &#187; Nadine Martin<\/title>\n<meta name=\"robots\" content=\"index, follow, max-snippet:-1, max-image-preview:large, max-video-preview:-1\" \/>\n<link rel=\"canonical\" href=\"https:\/\/www.nadinemartin.de\/index.php\/impressum\/\" \/>\n<meta property=\"og:locale\" content=\"de_DE\" \/>\n<meta property=\"og:type\" content=\"article\" \/>\n<meta property=\"og:title\" content=\"Impressum &#187; Nadine Martin\" \/>\n<meta property=\"og:description\" content=\"Ansprechpartner \/ Verantwortlicher im Sinne der DSGVO Rechtsanw\u00e4ltin Nadine Martin Marienstra\u00dfe 28 66287 Quierschied Telefon: 06897 \/ 79 66 219 Telefax: 06897 \/ 79 66 220 E-Mail: &#x6b;&#x6f;&#x6e;&#x74;&#x61;&#x6b;&#x74;&#x40;&#x6e;&#x61;&#x64;&#x69;&#x6e;&#x65;&#x6d;&#x61;&#x72;&#x74;&#x69;&#x6e;&#x2e;&#x64;&#101; Berufsbezeichnung Rechtsanwalt &#8211; verliehen in der Bundesrepublik Deutschland Zust\u00e4ndige Rechtsanwaltskammer Rechtsanwaltskammer des Saarlandes Am Schlo\u00dfberg 5 66119 Saarbr\u00fccken Telefon: +49 681 58 82 8-0 E-Mail: &#122;e&#x6e;t&#x72;a&#x6c;&#101;&#x40;&#114;&#x61;&#107;-&#x73;a&#x61;r&#x2e;&#100;&#x65; Umsatzsteuer-Identifikationsnummer [&hellip;]\" \/>\n<meta property=\"og:url\" content=\"https:\/\/www.nadinemartin.de\/index.php\/impressum\/\" \/>\n<meta property=\"og:site_name\" content=\"Nadine Martin\" \/>\n<meta property=\"article:modified_time\" content=\"2025-10-02T09:03:14+00:00\" \/>\n<meta name=\"twitter:card\" content=\"summary_large_image\" \/>\n<meta name=\"twitter:label1\" content=\"Gesch\u00e4tzte Lesezeit\" \/>\n\t<meta name=\"twitter:data1\" content=\"2\u00a0Minuten\" \/>\n<script type=\"application\/ld+json\" class=\"yoast-schema-graph\">{\"@context\":\"https:\/\/schema.org\",\"@graph\":[{\"@type\":\"WebPage\",\"@id\":\"https:\/\/www.nadinemartin.de\/index.php\/impressum\/\",\"url\":\"https:\/\/www.nadinemartin.de\/index.php\/impressum\/\",\"name\":\"Impressum &#187; Nadine Martin\",\"isPartOf\":{\"@id\":\"https:\/\/www.nadinemartin.de\/#website\"},\"datePublished\":\"2018-06-04T21:54:54+00:00\",\"dateModified\":\"2025-10-02T09:03:14+00:00\",\"breadcrumb\":{\"@id\":\"https:\/\/www.nadinemartin.de\/index.php\/impressum\/#breadcrumb\"},\"inLanguage\":\"de\",\"potentialAction\":[{\"@type\":\"ReadAction\",\"target\":[\"https:\/\/www.nadinemartin.de\/index.php\/impressum\/\"]}]},{\"@type\":\"BreadcrumbList\",\"@id\":\"https:\/\/www.nadinemartin.de\/index.php\/impressum\/#breadcrumb\",\"itemListElement\":[{\"@type\":\"ListItem\",\"position\":1,\"name\":\"Startseite\",\"item\":\"https:\/\/www.nadinemartin.de\/\"},{\"@type\":\"ListItem\",\"position\":2,\"name\":\"Impressum\"}]},{\"@type\":\"WebSite\",\"@id\":\"https:\/\/www.nadinemartin.de\/#website\",\"url\":\"https:\/\/www.nadinemartin.de\/\",\"name\":\"Nadine Martin\",\"description\":\"Rechtsanw\u00e4ltin\",\"publisher\":{\"@id\":\"https:\/\/www.nadinemartin.de\/#\/schema\/person\/d6e106181c456d08575ec3f2563a89c1\"},\"potentialAction\":[{\"@type\":\"SearchAction\",\"target\":{\"@type\":\"EntryPoint\",\"urlTemplate\":\"https:\/\/www.nadinemartin.de\/?s={search_term_string}\"},\"query-input\":{\"@type\":\"PropertyValueSpecification\",\"valueRequired\":true,\"valueName\":\"search_term_string\"}}],\"inLanguage\":\"de\"},{\"@type\":[\"Person\",\"Organization\"],\"@id\":\"https:\/\/www.nadinemartin.de\/#\/schema\/person\/d6e106181c456d08575ec3f2563a89c1\",\"name\":\"Nadine Martin\",\"logo\":{\"@id\":\"https:\/\/www.nadinemartin.de\/#\/schema\/person\/image\/\"}}]}<\/script>\n<!-- \/ Yoast SEO plugin. -->","yoast_head_json":{"title":"Impressum &#187; Nadine Martin","robots":{"index":"index","follow":"follow","max-snippet":"max-snippet:-1","max-image-preview":"max-image-preview:large","max-video-preview":"max-video-preview:-1"},"canonical":"https:\/\/www.nadinemartin.de\/index.php\/impressum\/","og_locale":"de_DE","og_type":"article","og_title":"Impressum &#187; Nadine Martin","og_description":"Ansprechpartner \/ Verantwortlicher im Sinne der DSGVO Rechtsanw\u00e4ltin Nadine Martin Marienstra\u00dfe 28 66287 Quierschied Telefon: 06897 \/ 79 66 219 Telefax: 06897 \/ 79 66 220 E-Mail: &#x6b;&#x6f;&#x6e;&#x74;&#x61;&#x6b;&#x74;&#x40;&#x6e;&#x61;&#x64;&#x69;&#x6e;&#x65;&#x6d;&#x61;&#x72;&#x74;&#x69;&#x6e;&#x2e;&#x64;&#101; Berufsbezeichnung Rechtsanwalt &#8211; verliehen in der Bundesrepublik Deutschland Zust\u00e4ndige Rechtsanwaltskammer Rechtsanwaltskammer des Saarlandes Am Schlo\u00dfberg 5 66119 Saarbr\u00fccken Telefon: +49 681 58 82 8-0 E-Mail: &#122;e&#x6e;t&#x72;a&#x6c;&#101;&#x40;&#114;&#x61;&#107;-&#x73;a&#x61;r&#x2e;&#100;&#x65; Umsatzsteuer-Identifikationsnummer [&hellip;]","og_url":"https:\/\/www.nadinemartin.de\/index.php\/impressum\/","og_site_name":"Nadine Martin","article_modified_time":"2025-10-02T09:03:14+00:00","twitter_card":"summary_large_image","twitter_misc":{"Gesch\u00e4tzte Lesezeit":"2\u00a0Minuten"},"schema":{"@context":"https:\/\/schema.org","@graph":[{"@type":"WebPage","@id":"https:\/\/www.nadinemartin.de\/index.php\/impressum\/","url":"https:\/\/www.nadinemartin.de\/index.php\/impressum\/","name":"Impressum &#187; Nadine Martin","isPartOf":{"@id":"https:\/\/www.nadinemartin.de\/#website"},"datePublished":"2018-06-04T21:54:54+00:00","dateModified":"2025-10-02T09:03:14+00:00","breadcrumb":{"@id":"https:\/\/www.nadinemartin.de\/index.php\/impressum\/#breadcrumb"},"inLanguage":"de","potentialAction":[{"@type":"ReadAction","target":["https:\/\/www.nadinemartin.de\/index.php\/impressum\/"]}]},{"@type":"BreadcrumbList","@id":"https:\/\/www.nadinemartin.de\/index.php\/impressum\/#breadcrumb","itemListElement":[{"@type":"ListItem","position":1,"name":"Startseite","item":"https:\/\/www.nadinemartin.de\/"},{"@type":"ListItem","position":2,"name":"Impressum"}]},{"@type":"WebSite","@id":"https:\/\/www.nadinemartin.de\/#website","url":"https:\/\/www.nadinemartin.de\/","name":"Nadine Martin","description":"Rechtsanw\u00e4ltin","publisher":{"@id":"https:\/\/www.nadinemartin.de\/#\/schema\/person\/d6e106181c456d08575ec3f2563a89c1"},"potentialAction":[{"@type":"SearchAction","target":{"@type":"EntryPoint","urlTemplate":"https:\/\/www.nadinemartin.de\/?s={search_term_string}"},"query-input":{"@type":"PropertyValueSpecification","valueRequired":true,"valueName":"search_term_string"}}],"inLanguage":"de"},{"@type":["Person","Organization"],"@id":"https:\/\/www.nadinemartin.de\/#\/schema\/person\/d6e106181c456d08575ec3f2563a89c1","name":"Nadine Martin","logo":{"@id":"https:\/\/www.nadinemartin.de\/#\/schema\/person\/image\/"}}]}},"_links":{"self":[{"href":"https:\/\/www.nadinemartin.de\/index.php\/wp-json\/wp\/v2\/pages\/11","targetHints":{"allow":["GET"]}}],"collection":[{"href":"https:\/\/www.nadinemartin.de\/index.php\/wp-json\/wp\/v2\/pages"}],"about":[{"href":"https:\/\/www.nadinemartin.de\/index.php\/wp-json\/wp\/v2\/types\/page"}],"author":[{"embeddable":true,"href":"https:\/\/www.nadinemartin.de\/index.php\/wp-json\/wp\/v2\/users\/1"}],"replies":[{"embeddable":true,"href":"https:\/\/www.nadinemartin.de\/index.php\/wp-json\/wp\/v2\/comments?post=11"}],"version-history":[{"count":10,"href":"https:\/\/www.nadinemartin.de\/index.php\/wp-json\/wp\/v2\/pages\/11\/revisions"}],"predecessor-version":[{"id":341,"href":"https:\/\/www.nadinemartin.de\/index.php\/wp-json\/wp\/v2\/pages\/11\/revisions\/341"}],"wp:attachment":[{"href":"https:\/\/www.nadinemartin.de\/index.php\/wp-json\/wp\/v2\/media?parent=11"}],"curies":[{"name":"wp","href":"https:\/\/api.w.org\/{rel}","templated":true}]}}